{"id":88,"date":"2018-12-11T13:22:48","date_gmt":"2018-12-11T13:22:48","guid":{"rendered":"https:\/\/swilt.aau.at\/?page_id=88"},"modified":"2018-12-11T13:22:48","modified_gmt":"2018-12-11T13:22:48","slug":"disclaimer","status":"publish","type":"page","link":"https:\/\/swilt.aau.at\/index.php\/disclaimer\/","title":{"rendered":"Disclaimer"},"content":{"rendered":"\n<h3 class=\"wp-block-heading\">Inhalt des Onlineangebotes<\/h3>\n\n\n\n<p>Die Universit\u00e4t Klagenfurt \u00fcbernimmt keinerlei Gew\u00e4hr f\u00fcr die Aktualit\u00e4t, Korrektheit, Vollst\u00e4ndigkeit oder Qualit\u00e4t der bereitgestellten Informationen. S\u00e4mtliche Haftungsanspr\u00fcche gegen das Webteam oder die Universit\u00e4t Klagenfurt, aufgrund der Nutzung oder Nichtnutzung der dargebotenen Informationen bzw. der Nutzung fehlerhafter und unvollst\u00e4ndiger Informationen sind grunds\u00e4tzlich ausgeschlossen. Alle Angebote sind freibleibend und unverbindlich. Die Universit\u00e4t Klagenfurt beh\u00e4lt es sich ausdr\u00fccklich vor, Teile der Seiten oder das gesamte Angebot ohne gesonderte Ank\u00fcndigung zu ver\u00e4ndern, zu erg\u00e4nzen, zu l\u00f6schen oder die Ver\u00f6ffentlichung zeitweise oder endg\u00fcltig einzustellen.<\/p>\n\n\n\n<h3 class=\"wp-block-heading\">Verweise und Links<\/h3>\n\n\n\n<p>Direkte oder indirekte Verweise auf fremde Internetseiten (\u201cLinks\u201d) liegen au\u00dferhalb des Verantwortungsbereiches der Universit\u00e4t Klagenfurt, weshalb diese daf\u00fcr nicht zur Verantwortung gezogen werden kann. Es wird jedoch festgehalten, dass zum Zeitpunkt der Linksetzung die entsprechenden verlinkten Seiten frei von illegalen Inhalten waren. Die Universit\u00e4t Klagenfurt hat keinerlei Einfluss auf die aktuelle und zuk\u00fcnftige Gestaltung und auf die Inhalte der gelinkten\/verkn\u00fcpften Seiten. Deshalb distanziert sie sich hiermit ausdr\u00fccklich von allen Inhalten aller gelinkten\/verkn\u00fcpften Seiten, die nach der Linksetzung ver\u00e4ndert wurden. Diese Feststellung gilt f\u00fcr alle innerhalb des eigenen Internetangebotes gesetzten Links und Verweise sowie f\u00fcr Fremdeintr\u00e4ge in von der Universit\u00e4t Klagenfurt eingerichteten G\u00e4steb\u00fcchern, Diskussionsforen und Mailinglisten. F\u00fcr illegale, fehlerhafte oder unvollst\u00e4ndige Inhalte und insbesondere f\u00fcr Sch\u00e4den, die aus der Nutzung oder Nichtnutzung solcherart dargebotener Informationen entstehen, haftet allein der Anbieter der Seite, auf welche verwiesen wurde, nicht derjenige, der \u00fcber Links auf die jeweilige Ver\u00f6ffentlichung lediglich verweist.<\/p>\n\n\n\n<h3 class=\"wp-block-heading\">Urheber- und Kennzeichenrecht<\/h3>\n\n\n\n<p>Die Universit\u00e4t Klagenfurt beachtet in allen Publikationen die Urheberrechte der verwendeten Grafiken, Fotografien, Tondokumente, Videosequenzen und Texte. Sie verwendet \u00fcberwiegend von ihr selbst erstellte Grafiken, Tondokumente, Videosequenzen und Texte oder versucht auf lizenzfreie Grafiken, Fotografien, Tondokumente, Videosequenzen und Texte zur\u00fcckzugreifen. Alle innerhalb des Internetangebotes genannten und ggf. durch Dritte gesch\u00fctzten Marken- und Warenzeichen unterliegen uneingeschr\u00e4nkt den Bestimmungen des jeweils g\u00fcltigen Kennzeichenrechts und den Besitzrechten der jeweiligen eingetragenen Eigent\u00fcmer. Allein aufgrund der blo\u00dfen Nennung ist nicht der Schluss zu ziehen, dass Markenzeichen nicht durch Rechte Dritter gesch\u00fctzt sind!<\/p>\n\n\n\n<p>Das Copyright f\u00fcr ver\u00f6ffentlichte, von der Universit\u00e4t Klagenfurt selbst erstellte Objekte (Grafiken, Fotografien, Tondokumente, Videosequenzen und Texte) bleibt allein bei der Universit\u00e4t Klagenfurt. Eine Vervielf\u00e4ltigung, Verwendung, Ver\u00e4nderung oder sonstige Nutzung dieser Objekte, egal in welcher Art und Weise, ist ohne ausdr\u00fcckliche Zustimmung der Universit\u00e4t Klagenfurt nicht gestattet.<\/p>\n\n\n\n<h3 class=\"wp-block-heading\">Rechtswirksamkeit dieses Haftungsausschlusses<\/h3>\n\n\n\n<p>Dieser Haftungsausschluss ist integrierender Bestandteil des Internetangebotes und gilt f\u00fcr jede Userin und jeden User. Sofern Teile oder einzelne Formulierungen dieses Textes der geltenden Rechtslage nicht, nicht mehr oder nicht vollst\u00e4ndig entsprechen sollten, bleiben die \u00fcbrigen Teile des Dokumentes in ihrem Inhalt und ihrer G\u00fcltigkeit davon unber\u00fchrt.<\/p>\n\n\n\n<p><em>Der vorliegende Haftungssauschlusstext basiert auf dem kostenlosen Dienst von http:\/\/www.disclaimer.de und wurde an die Bed\u00fcrfnisse der Universit\u00e4t Klagenfurt angepasst.<\/em><\/p>\n","protected":false},"excerpt":{"rendered":"<p>Inhalt des Onlineangebotes Die Universit\u00e4t Klagenfurt \u00fcbernimmt keinerlei Gew\u00e4hr f\u00fcr die Aktualit\u00e4t, Korrektheit, Vollst\u00e4ndigkeit oder Qualit\u00e4t der bereitgestellten Informationen. S\u00e4mtliche Haftungsanspr\u00fcche gegen das Webteam oder die Universit\u00e4t Klagenfurt, aufgrund der Nutzung oder Nichtnutzung der dargebotenen Informationen bzw. der Nutzung fehlerhafter und unvollst\u00e4ndiger Informationen sind grunds\u00e4tzlich ausgeschlossen. Alle Angebote sind freibleibend und unverbindlich. Die Universit\u00e4t Klagenfurt [&hellip;]<\/p>\n","protected":false},"author":2,"featured_media":0,"parent":0,"menu_order":0,"comment_status":"closed","ping_status":"closed","template":"","meta":{"footnotes":""},"class_list":["post-88","page","type-page","status-publish","hentry"],"_links":{"self":[{"href":"https:\/\/swilt.aau.at\/index.php\/wp-json\/wp\/v2\/pages\/88","targetHints":{"allow":["GET"]}}],"collection":[{"href":"https:\/\/swilt.aau.at\/index.php\/wp-json\/wp\/v2\/pages"}],"about":[{"href":"https:\/\/swilt.aau.at\/index.php\/wp-json\/wp\/v2\/types\/page"}],"author":[{"embeddable":true,"href":"https:\/\/swilt.aau.at\/index.php\/wp-json\/wp\/v2\/users\/2"}],"replies":[{"embeddable":true,"href":"https:\/\/swilt.aau.at\/index.php\/wp-json\/wp\/v2\/comments?post=88"}],"version-history":[{"count":1,"href":"https:\/\/swilt.aau.at\/index.php\/wp-json\/wp\/v2\/pages\/88\/revisions"}],"predecessor-version":[{"id":90,"href":"https:\/\/swilt.aau.at\/index.php\/wp-json\/wp\/v2\/pages\/88\/revisions\/90"}],"wp:attachment":[{"href":"https:\/\/swilt.aau.at\/index.php\/wp-json\/wp\/v2\/media?parent=88"}],"curies":[{"name":"wp","href":"https:\/\/api.w.org\/{rel}","templated":true}]}}